{"id":392,"date":"2017-03-12T18:55:12","date_gmt":"2017-03-12T17:55:12","guid":{"rendered":"http:\/\/rheinland-enterprises.de\/?page_id=392\/"},"modified":"2023-02-07T21:13:59","modified_gmt":"2023-02-07T20:13:59","slug":"zitate","status":"publish","type":"page","link":"https:\/\/rheinland-enterprises.de\/pl\/zitate\/","title":{"rendered":"Zitate"},"content":{"rendered":"<div id=\"cs-content\" class=\"cs-content\"><\/div>\n","protected":false},"excerpt":{"rendered":"<p>ZitateAuf den Wegen der Freundschaft soll man kein Gras wachsen lassen.Marie-Th\u00e9r\u00e9se Geoffrin Der Ball ist aus Leder, Leder kommt von K\u00fchen, K\u00fche essen Gras, und das ist der Ort, wo der Ball sein muss.Alfredo di St\u00e9fano, spanische Fu\u00dfballlegendeDas Volk versteht das meiste falsch; aber es f\u00fchlt das meiste richtig.Kurt TucholskyDie F\u00e4higkeit, seine Mu\u00dfe gut auszuf\u00fcllen, ist die letzte Stufe der &#8230; <\/p>\n<div><a href=\"https:\/\/rheinland-enterprises.de\/pl\/zitate\/\" class=\"more-link\">Read More<\/a><\/div>\n","protected":false},"author":1,"featured_media":0,"parent":0,"menu_order":0,"comment_status":"closed","ping_status":"closed","template":"template-blank-4.php","meta":{"footnotes":""},"class_list":["post-392","page","type-page","status-publish","hentry","no-post-thumbnail"],"aioseo_notices":[],"_links":{"self":[{"href":"https:\/\/rheinland-enterprises.de\/pl\/wp-json\/wp\/v2\/pages\/392","targetHints":{"allow":["GET"]}}],"collection":[{"href":"https:\/\/rheinland-enterprises.de\/pl\/wp-json\/wp\/v2\/pages"}],"about":[{"href":"https:\/\/rheinland-enterprises.de\/pl\/wp-json\/wp\/v2\/types\/page"}],"author":[{"embeddable":true,"href":"https:\/\/rheinland-enterprises.de\/pl\/wp-json\/wp\/v2\/users\/1"}],"replies":[{"embeddable":true,"href":"https:\/\/rheinland-enterprises.de\/pl\/wp-json\/wp\/v2\/comments?post=392"}],"version-history":[{"count":5,"href":"https:\/\/rheinland-enterprises.de\/pl\/wp-json\/wp\/v2\/pages\/392\/revisions"}],"predecessor-version":[{"id":2335,"href":"https:\/\/rheinland-enterprises.de\/pl\/wp-json\/wp\/v2\/pages\/392\/revisions\/2335"}],"wp:attachment":[{"href":"https:\/\/rheinland-enterprises.de\/pl\/wp-json\/wp\/v2\/media?parent=392"}],"curies":[{"name":"wp","href":"https:\/\/api.w.org\/{rel}","templated":true}]}}