{"id":2423,"date":"2019-04-20T18:22:36","date_gmt":"2019-04-20T17:22:36","guid":{"rendered":"https:\/\/rheinland-enterprises.de\/rozwoj-projektu\/madrosc-zalozyciela\/"},"modified":"2025-11-15T14:14:10","modified_gmt":"2025-11-15T13:14:10","slug":"madrosc-zalozyciela","status":"publish","type":"page","link":"https:\/\/rheinland-enterprises.de\/pl\/rozwoj-projektu\/madrosc-zalozyciela\/","title":{"rendered":"M\u0105dro\u015b\u0107 za\u0142o\u017cyciela"},"content":{"rendered":"<div id=\"cs-content\" class=\"cs-content\"><\/div>\n","protected":false},"excerpt":{"rendered":"<p>M\u0105dro\u015b\u0107 za\u0142o\u017cyciela&#8221;Umys\u0142 mo\u017ce nam powiedzie\u0107, czego nie robi\u0107, ale serce mo\u017ce nam powiedzie\u0107, co robi\u0107&#8221;.Joseph Joubert&#8221;Najszybszym sposobem na zestarzenie si\u0119 jest odrzucanie nowych pomys\u0142\u00f3w bez oceniania&#8221;.Nieznany &#8222;Prawd\u0105 intencji jest czyn&#8221;.Georg Wilhelm Friedrich Hegel &#8222;\u0141atwiej jest uczy\u0107 si\u0119 na pora\u017ckach ni\u017c na zwyci\u0119stwach&#8221;.Gustav Stresemann&#8221;Jako\u015b\u0107 \u017cycia wzrasta, gdy nogi s\u0105 u\u017cywane nieco bardziej, a \u0142okcie nieco mniej&#8221;.Erhard Eppler &#8222;Je\u015bli stoisz przed wa\u017cn\u0105 &#8230; <\/p>\n<div><a href=\"https:\/\/rheinland-enterprises.de\/pl\/rozwoj-projektu\/madrosc-zalozyciela\/\" class=\"more-link\">Read More<\/a><\/div>\n","protected":false},"author":1,"featured_media":0,"parent":1881,"menu_order":0,"comment_status":"closed","ping_status":"closed","template":"template-blank-4.php","meta":{"footnotes":""},"class_list":["post-2423","page","type-page","status-publish","hentry","no-post-thumbnail"],"aioseo_notices":[],"_links":{"self":[{"href":"https:\/\/rheinland-enterprises.de\/pl\/wp-json\/wp\/v2\/pages\/2423","targetHints":{"allow":["GET"]}}],"collection":[{"href":"https:\/\/rheinland-enterprises.de\/pl\/wp-json\/wp\/v2\/pages"}],"about":[{"href":"https:\/\/rheinland-enterprises.de\/pl\/wp-json\/wp\/v2\/types\/page"}],"author":[{"embeddable":true,"href":"https:\/\/rheinland-enterprises.de\/pl\/wp-json\/wp\/v2\/users\/1"}],"replies":[{"embeddable":true,"href":"https:\/\/rheinland-enterprises.de\/pl\/wp-json\/wp\/v2\/comments?post=2423"}],"version-history":[{"count":8,"href":"https:\/\/rheinland-enterprises.de\/pl\/wp-json\/wp\/v2\/pages\/2423\/revisions"}],"predecessor-version":[{"id":2438,"href":"https:\/\/rheinland-enterprises.de\/pl\/wp-json\/wp\/v2\/pages\/2423\/revisions\/2438"}],"up":[{"embeddable":true,"href":"https:\/\/rheinland-enterprises.de\/pl\/wp-json\/wp\/v2\/pages\/1881"}],"wp:attachment":[{"href":"https:\/\/rheinland-enterprises.de\/pl\/wp-json\/wp\/v2\/media?parent=2423"}],"curies":[{"name":"wp","href":"https:\/\/api.w.org\/{rel}","templated":true}]}}