{"id":2419,"date":"2018-05-23T21:33:28","date_gmt":"2018-05-23T20:33:28","guid":{"rendered":"https:\/\/rheinland-enterprises.de\/polityka-prywatnosci\/"},"modified":"2025-11-15T14:13:55","modified_gmt":"2025-11-15T13:13:55","slug":"polityka-prywatnosci","status":"publish","type":"page","link":"https:\/\/rheinland-enterprises.de\/pl\/polityka-prywatnosci\/","title":{"rendered":"Polityka prywatno\u015bci"},"content":{"rendered":"<p><strong><big>Polityka prywatno\u015bci<\/big><\/strong><\/p>\n<p><strong>Uwaga og\u00f3lna i informacje obowi\u0105zkowe<\/strong><\/p>\n<p><strong>Wyznaczenie organu odpowiedzialnego<\/strong><\/p>\n<p>Administratorem odpowiedzialnym za przetwarzanie danych na tej stronie jest<\/p>\n<p><span id=\"s3-t-firma\">Rheinland Enterprises GmbH<\/span><br \/><span id=\"s3-t-ansprechpartner\">Dyrektor zarz\u0105dzaj\u0105cy: Lothar Radermacher<\/span><br \/><span id=\"s3-t-strasse\">Market Street 98<\/span><br \/><span id=\"s3-t-plz\">56564<\/span> <span id=\"s3-t-ort\">Neuwied<\/span><\/p>\n<\/p>\n<p>Administrator samodzielnie lub wsp\u00f3lnie z innymi decyduje o celach i sposobach przetwarzania danych osobowych (np. imion i nazwisk, danych kontaktowych itp.).<\/p>\n<p><strong>Cofni\u0119cie zgody na przetwarzanie danych<\/strong><\/p>\n<p>Niekt\u00f3re operacje przetwarzania danych s\u0105 mo\u017cliwe tylko za wyra\u017an\u0105 zgod\u0105 u\u017cytkownika. U\u017cytkownik mo\u017ce wycofa\u0107 swoj\u0105 zgod\u0119 w dowolnym momencie. Do odwo\u0142ania wystarczy nieformalne powiadomienie poczt\u0105 elektroniczn\u0105. Wycofanie zgody nie ma wp\u0142ywu na zgodno\u015b\u0107 z prawem przetwarzania danych prowadzonego do momentu wycofania zgody.   <\/p>\n<p><strong>Prawo do z\u0142o\u017cenia skargi do w\u0142a\u015bciwego organu nadzorczego<\/strong><\/p>\n<p>Jako osoba, kt\u00f3rej dane dotycz\u0105, masz prawo do z\u0142o\u017cenia skargi do w\u0142a\u015bciwego organu nadzorczego w przypadku naruszenia przepis\u00f3w o ochronie danych. W\u0142a\u015bciwym organem nadzorczym w kwestiach ochrony danych jest krajowy inspektor ochrony danych kraju zwi\u0105zkowego, w kt\u00f3rym nasza firma ma siedzib\u0119. Poni\u017cszy link zawiera list\u0119 inspektor\u00f3w ochrony danych i ich dane kontaktowe: <a href=\"https:\/\/www.bfdi.bund.de\/DE\/Infothek\/Anschriften_Links\/anschriften_links-node.html\" target=\"_blank\">https:\/\/www.bfdi.bund.de\/DE\/Infothek\/Anschriften_Links\/anschriften_links-node.html.<\/a>  <\/p>\n<p><strong>Prawo do przenoszenia danych<\/strong><\/p>\n<p>U\u017cytkownik ma prawo do tego, aby dane, kt\u00f3re przetwarzamy automatycznie na podstawie jego zgody lub w ramach realizacji umowy, zosta\u0142y przekazane u\u017cytkownikowi lub stronom trzecim. Dane zostan\u0105 przekazane w formacie nadaj\u0105cym si\u0119 do odczytu maszynowego. Je\u015bli u\u017cytkownik za\u017c\u0105da bezpo\u015bredniego przekazania danych innemu administratorowi, zostanie to wykonane tylko w zakresie, w jakim jest to technicznie wykonalne.  <\/p>\n<p><strong>Prawo do informacji, sprostowania, zablokowania, usuni\u0119cia<\/strong><\/p>\n<p>U\u017cytkownik ma prawo do bezp\u0142atnej informacji o przechowywanych danych osobowych, pochodzeniu danych, ich odbiorcach i celu przetwarzania danych oraz, w razie potrzeby, prawo do sprostowania, zablokowania lub usuni\u0119cia tych danych w dowolnym momencie w ramach obowi\u0105zuj\u0105cych przepis\u00f3w prawa. W przypadku dalszych pyta\u0144 dotycz\u0105cych danych osobowych mo\u017cna skontaktowa\u0107 si\u0119 z nami w dowolnym momencie, korzystaj\u0105c z opcji kontaktowych wymienionych w nocie prawnej. <\/p>\n<p><strong>Szyfrowanie SSL lub TLS<\/strong><\/p>\n<p>Ze wzgl\u0119d\u00f3w bezpiecze\u0144stwa i w celu ochrony transmisji poufnych tre\u015bci przesy\u0142anych do nas jako operatora witryny, nasza witryna wykorzystuje szyfrowanie SSL lub TLS. Oznacza to, \u017ce dane przesy\u0142ane za po\u015brednictwem tej witryny nie mog\u0105 by\u0107 odczytywane przez osoby trzecie. Po\u0142\u0105czenie szyfrowane mo\u017cna rozpozna\u0107 po wierszu adresu przegl\u0105darki &#8222;https:\/\/&#8221; i symbolu k\u0142\u00f3dki w wierszu przegl\u0105darki.   <\/p>\n<p><strong>Pliki dziennika serwera<\/strong><\/p>\n<p>Dostawca witryny automatycznie gromadzi i przechowuje informacje, kt\u00f3re przegl\u0105darka u\u017cytkownika automatycznie przesy\u0142a do nas w plikach dziennika serwera. S\u0105 to <\/p>\n<ul>\n<li>Typ i wersja przegl\u0105darki<\/li>\n<li>U\u017cywany system operacyjny<\/li>\n<li>Adres URL strony odsy\u0142aj\u0105cej<\/li>\n<li>Nazwa hosta komputera uzyskuj\u0105cego dost\u0119p<\/li>\n<li>Czas \u017c\u0105dania serwera<\/li>\n<li>Adres IP<\/li>\n<\/ul>\n<p>Dane te nie s\u0105 \u0142\u0105czone z innymi \u017ar\u00f3d\u0142ami danych. Podstaw\u0105 przetwarzania danych jest art. 6 ust. 1 lit. b RODO, kt\u00f3ry zezwala na przetwarzanie danych w celu realizacji umowy lub \u015brodk\u00f3w przedumownych.   <\/p>\n<p><strong>Formularz kontaktowy<\/strong><\/p>\n<p>Dane przes\u0142ane za po\u015brednictwem formularza kontaktowego, w tym dane kontaktowe, b\u0119d\u0105 przechowywane w celu przetworzenia zapytania lub udost\u0119pnienia ich w przypadku dalszych pyta\u0144. Dane te nie b\u0119d\u0105 przekazywane dalej bez zgody u\u017cytkownika. <\/p>\n<p>Dane wprowadzone w formularzu kontaktowym s\u0105 przetwarzane wy\u0142\u0105cznie na podstawie zgody u\u017cytkownika (art. 6 ust. 1 lit. a RODO). Zgod\u0119 mo\u017cna wycofa\u0107 w dowolnym momencie. Do wycofania zgody wystarczy nieformalne powiadomienie poczt\u0105 elektroniczn\u0105. Wycofanie zgody nie ma wp\u0142ywu na zgodno\u015b\u0107 z prawem operacji przetwarzania danych przeprowadzanych do momentu wycofania zgody.   <\/p>\n<p>Dane przes\u0142ane za po\u015brednictwem formularza kontaktowego pozostan\u0105 u nas, dop\u00f3ki u\u017cytkownik nie poprosi nas o ich usuni\u0119cie, nie cofnie zgody na ich przechowywanie lub dop\u00f3ki nie b\u0119dzie ju\u017c potrzeby ich przechowywania. Obowi\u0105zkowe przepisy ustawowe &#8211; w szczeg\u00f3lno\u015bci okresy przechowywania &#8211; pozostaj\u0105 nienaruszone.<\/p>\n<p><strong>Pliki cookie<\/strong><\/p>\n<p>Nasza strona u\u017cywa plik\u00f3w cookie. S\u0105 to ma\u0142e pliki tekstowe, kt\u00f3re przegl\u0105darka internetowa przechowuje na urz\u0105dzeniu ko\u0144cowym. Pliki cookie pomagaj\u0105 nam uczyni\u0107 nasz\u0105 witryn\u0119 bardziej przyjazn\u0105 dla u\u017cytkownika, skuteczn\u0105 i bezpieczn\u0105.  <\/p>\n<p>Niekt\u00f3re pliki cookie to &#8222;sesyjne pliki cookie&#8221;. Takie pliki cookie s\u0105 automatycznie usuwane po zako\u0144czeniu sesji przegl\u0105darki. Z drugiej strony, inne pliki cookie pozostaj\u0105 na urz\u0105dzeniu ko\u0144cowym u\u017cytkownika do momentu ich samodzielnego usuni\u0119cia. Takie pliki cookie pomagaj\u0105 nam rozpozna\u0107 u\u017cytkownika po powrocie na stron\u0119<br \/>\n.<\/p>\n<p>Za pomoc\u0105 nowoczesnej przegl\u0105darki internetowej mo\u017cna monitorowa\u0107, ogranicza\u0107 lub zapobiega\u0107 ustawianiu plik\u00f3w cookie. Wiele przegl\u0105darek internetowych mo\u017cna skonfigurowa\u0107 tak, aby pliki cookie by\u0142y usuwane automatycznie po zamkni\u0119ciu programu. Dezaktywacja plik\u00f3w cookie<br \/>\n mo\u017ce spowodowa\u0107 ograniczenie funkcjonalno\u015bci naszej strony internetowej.<\/p>\n<p>Ustawianie plik\u00f3w cookie, kt\u00f3re s\u0105 niezb\u0119dne do realizacji proces\u00f3w komunikacji elektronicznej lub zapewnienia okre\u015blonych funkcji po\u017c\u0105danych przez u\u017cytkownika (np. koszyka zakup\u00f3w), odbywa si\u0119 na podstawie art. 6 ust. 1 lit. f RODO. 1 litr. f RODO. Jako operator tej strony internetowej<br \/>\n mamy uzasadniony interes w przechowywaniu plik\u00f3w cookie w celu technicznie bezb\u0142\u0119dnego i p\u0142ynnego \u015bwiadczenia naszych us\u0142ug. Je\u015bli ustawione s\u0105 inne pliki cookie (np. dla funkcji analitycznych), s\u0105 one traktowane oddzielnie w niniejszej polityce prywatno\u015bci<br \/>\n.<\/p>\n<p><small>\u0179r\u00f3d\u0142o: Konfigurator ochrony danych z <a href=\"http:\/\/www.mein-datenschutzbeauftragter.de\" target=\"_blank\">mein-datenschutzbeauftragter.de<\/a><\/small><\/p>\n","protected":false},"excerpt":{"rendered":"<p>Polityka prywatno\u015bci Uwaga og\u00f3lna i informacje obowi\u0105zkowe Wyznaczenie organu odpowiedzialnego Administratorem odpowiedzialnym za przetwarzanie danych na tej stronie jest Rheinland Enterprises GmbHDyrektor zarz\u0105dzaj\u0105cy: Lothar RadermacherMarket Street 9856564 Neuwied Administrator samodzielnie lub wsp\u00f3lnie z innymi decyduje o celach i sposobach przetwarzania danych osobowych (np. imion i nazwisk, danych kontaktowych itp.). Cofni\u0119cie zgody na przetwarzanie danych Niekt\u00f3re operacje przetwarzania danych s\u0105 mo\u017cliwe &#8230; <\/p>\n<div><a href=\"https:\/\/rheinland-enterprises.de\/pl\/polityka-prywatnosci\/\" class=\"more-link\">Read More<\/a><\/div>\n","protected":false},"author":1,"featured_media":0,"parent":0,"menu_order":0,"comment_status":"closed","ping_status":"closed","template":"template-blank-1.php","meta":{"footnotes":""},"class_list":["post-2419","page","type-page","status-publish","hentry","no-post-thumbnail"],"aioseo_notices":[],"_links":{"self":[{"href":"https:\/\/rheinland-enterprises.de\/pl\/wp-json\/wp\/v2\/pages\/2419","targetHints":{"allow":["GET"]}}],"collection":[{"href":"https:\/\/rheinland-enterprises.de\/pl\/wp-json\/wp\/v2\/pages"}],"about":[{"href":"https:\/\/rheinland-enterprises.de\/pl\/wp-json\/wp\/v2\/types\/page"}],"author":[{"embeddable":true,"href":"https:\/\/rheinland-enterprises.de\/pl\/wp-json\/wp\/v2\/users\/1"}],"replies":[{"embeddable":true,"href":"https:\/\/rheinland-enterprises.de\/pl\/wp-json\/wp\/v2\/comments?post=2419"}],"version-history":[{"count":1,"href":"https:\/\/rheinland-enterprises.de\/pl\/wp-json\/wp\/v2\/pages\/2419\/revisions"}],"predecessor-version":[{"id":2420,"href":"https:\/\/rheinland-enterprises.de\/pl\/wp-json\/wp\/v2\/pages\/2419\/revisions\/2420"}],"wp:attachment":[{"href":"https:\/\/rheinland-enterprises.de\/pl\/wp-json\/wp\/v2\/media?parent=2419"}],"curies":[{"name":"wp","href":"https:\/\/api.w.org\/{rel}","templated":true}]}}