{"id":2416,"date":"2018-11-03T14:28:43","date_gmt":"2018-11-03T13:28:43","guid":{"rendered":"https:\/\/rheinland-enterprises.de\/inwestycje\/pro-bono\/"},"modified":"2025-11-15T14:14:10","modified_gmt":"2025-11-15T13:14:10","slug":"pro-bono","status":"publish","type":"page","link":"https:\/\/rheinland-enterprises.de\/pl\/inwestycje\/pro-bono\/","title":{"rendered":"Pro Bono"},"content":{"rendered":"<div id=\"cs-content\" class=\"cs-content\"><\/div>\n","protected":false},"excerpt":{"rendered":"<p>Pro Bono Je\u015bli masz mo\u017cliwo\u015b\u0107 inwestowania, powiniene\u015b by\u0107 r\u00f3wnie\u017c przygotowany do pracy na rzecz mo\u017cliwo\u015bci innych. Jednym ze sposob\u00f3w na rozpocz\u0119cie jest zastanowienie si\u0119, w jaki spos\u00f3b mo\u017cna tworzy\u0107 mo\u017cliwo\u015bci i oferowa\u0107 je sprawiedliwie. Strona &#8222;PRO BONO&#8221; zawiera informacje o naszych w\u0142asnych pomys\u0142ach i koncepcjach w tym zakresie. Sugestie dotycz\u0105ce ulepsze\u0144 s\u0105 zawsze mile widziane. &#x25b8;Katalog wymaga\u0144 &#8222;2023 CDA NEUWIED&#8221; &#8230; <\/p>\n<div><a href=\"https:\/\/rheinland-enterprises.de\/pl\/inwestycje\/pro-bono\/\" class=\"more-link\">Read More<\/a><\/div>\n","protected":false},"author":1,"featured_media":0,"parent":1816,"menu_order":0,"comment_status":"closed","ping_status":"closed","template":"template-blank-4.php","meta":{"footnotes":""},"class_list":["post-2416","page","type-page","status-publish","hentry","no-post-thumbnail"],"aioseo_notices":[],"_links":{"self":[{"href":"https:\/\/rheinland-enterprises.de\/pl\/wp-json\/wp\/v2\/pages\/2416","targetHints":{"allow":["GET"]}}],"collection":[{"href":"https:\/\/rheinland-enterprises.de\/pl\/wp-json\/wp\/v2\/pages"}],"about":[{"href":"https:\/\/rheinland-enterprises.de\/pl\/wp-json\/wp\/v2\/types\/page"}],"author":[{"embeddable":true,"href":"https:\/\/rheinland-enterprises.de\/pl\/wp-json\/wp\/v2\/users\/1"}],"replies":[{"embeddable":true,"href":"https:\/\/rheinland-enterprises.de\/pl\/wp-json\/wp\/v2\/comments?post=2416"}],"version-history":[{"count":2,"href":"https:\/\/rheinland-enterprises.de\/pl\/wp-json\/wp\/v2\/pages\/2416\/revisions"}],"predecessor-version":[{"id":2418,"href":"https:\/\/rheinland-enterprises.de\/pl\/wp-json\/wp\/v2\/pages\/2416\/revisions\/2418"}],"up":[{"embeddable":true,"href":"https:\/\/rheinland-enterprises.de\/pl\/wp-json\/wp\/v2\/pages\/1816"}],"wp:attachment":[{"href":"https:\/\/rheinland-enterprises.de\/pl\/wp-json\/wp\/v2\/media?parent=2416"}],"curies":[{"name":"wp","href":"https:\/\/api.w.org\/{rel}","templated":true}]}}