{"id":2259,"date":"2021-07-11T19:10:26","date_gmt":"2021-07-11T18:10:26","guid":{"rendered":"https:\/\/rheinland-enterprises.de\/o-nas\/"},"modified":"2025-11-15T14:13:24","modified_gmt":"2025-11-15T13:13:24","slug":"o-nas","status":"publish","type":"page","link":"https:\/\/rheinland-enterprises.de\/pl\/o-nas\/","title":{"rendered":"o nas"},"content":{"rendered":"<div id=\"cs-content\" class=\"cs-content\"><\/div>\n","protected":false},"excerpt":{"rendered":"<p>O nas Zakres us\u0142ug oferowanych przez Rheinland Enterprises GmbH jest mo\u017cliwy tylko dzi\u0119ki rozleg\u0142ej sieci profesjonalist\u00f3w i niezawodnym partnerstwom biznesowym. Korzystamy z obu opcji w zale\u017cno\u015bci od potrzeb i w porozumieniu z naszymi klientami, aby jak najlepiej realizowa\u0107 ich zam\u00f3wienia. Zugleich f\u00fchrt unser Unternehmen auch Beteiligungen an anderen Unternehmen und ist dabei, dieses Portfolio zu erweitern. Mamy nadziej\u0119, \u017ce nasza &#8230; <\/p>\n<div><a href=\"https:\/\/rheinland-enterprises.de\/pl\/o-nas\/\" class=\"more-link\">Read More<\/a><\/div>\n","protected":false},"author":3,"featured_media":0,"parent":0,"menu_order":0,"comment_status":"closed","ping_status":"closed","template":"template-blank-4.php","meta":{"footnotes":""},"class_list":["post-2259","page","type-page","status-publish","hentry","no-post-thumbnail"],"aioseo_notices":[],"_links":{"self":[{"href":"https:\/\/rheinland-enterprises.de\/pl\/wp-json\/wp\/v2\/pages\/2259","targetHints":{"allow":["GET"]}}],"collection":[{"href":"https:\/\/rheinland-enterprises.de\/pl\/wp-json\/wp\/v2\/pages"}],"about":[{"href":"https:\/\/rheinland-enterprises.de\/pl\/wp-json\/wp\/v2\/types\/page"}],"author":[{"embeddable":true,"href":"https:\/\/rheinland-enterprises.de\/pl\/wp-json\/wp\/v2\/users\/3"}],"replies":[{"embeddable":true,"href":"https:\/\/rheinland-enterprises.de\/pl\/wp-json\/wp\/v2\/comments?post=2259"}],"version-history":[{"count":4,"href":"https:\/\/rheinland-enterprises.de\/pl\/wp-json\/wp\/v2\/pages\/2259\/revisions"}],"predecessor-version":[{"id":2404,"href":"https:\/\/rheinland-enterprises.de\/pl\/wp-json\/wp\/v2\/pages\/2259\/revisions\/2404"}],"wp:attachment":[{"href":"https:\/\/rheinland-enterprises.de\/pl\/wp-json\/wp\/v2\/media?parent=2259"}],"curies":[{"name":"wp","href":"https:\/\/api.w.org\/{rel}","templated":true}]}}