{"id":2062,"date":"2021-07-13T14:54:00","date_gmt":"2021-07-13T13:54:00","guid":{"rendered":"https:\/\/rheinland-enterprises.de\/kontakt\/"},"modified":"2023-01-22T21:37:00","modified_gmt":"2023-01-22T20:37:00","slug":"kontakt","status":"publish","type":"page","link":"https:\/\/rheinland-enterprises.de\/pl\/kontakt\/","title":{"rendered":"Kontakt"},"content":{"rendered":"<div id=\"cs-content\" class=\"cs-content\"><\/div>\n","protected":false},"excerpt":{"rendered":"<p>Kontakt Treten Sie mit uns in Kontakt Lothar Radermacher Gesch\u00e4ftsf\u00fchrer Marktstra\u00dfe 98 56564 Neuwied Mail info[at]rheinland-enterprises.de Fon +49 (0) 2631 9 44 98 90 Fax +49 (0) 2631 9 44 98 92 Wenn du im Recht bist, kannst du dir leisten, die Ruhe zu bewahren, und wenn du im Unrecht bist, kannst du dir nicht leisten, sie zu verlieren.Mahatma Gandhi<\/p>\n","protected":false},"author":3,"featured_media":0,"parent":0,"menu_order":0,"comment_status":"closed","ping_status":"closed","template":"template-blank-4.php","meta":{"footnotes":""},"class_list":["post-2062","page","type-page","status-publish","hentry","no-post-thumbnail"],"aioseo_notices":[],"_links":{"self":[{"href":"https:\/\/rheinland-enterprises.de\/pl\/wp-json\/wp\/v2\/pages\/2062","targetHints":{"allow":["GET"]}}],"collection":[{"href":"https:\/\/rheinland-enterprises.de\/pl\/wp-json\/wp\/v2\/pages"}],"about":[{"href":"https:\/\/rheinland-enterprises.de\/pl\/wp-json\/wp\/v2\/types\/page"}],"author":[{"embeddable":true,"href":"https:\/\/rheinland-enterprises.de\/pl\/wp-json\/wp\/v2\/users\/3"}],"replies":[{"embeddable":true,"href":"https:\/\/rheinland-enterprises.de\/pl\/wp-json\/wp\/v2\/comments?post=2062"}],"version-history":[{"count":3,"href":"https:\/\/rheinland-enterprises.de\/pl\/wp-json\/wp\/v2\/pages\/2062\/revisions"}],"predecessor-version":[{"id":2269,"href":"https:\/\/rheinland-enterprises.de\/pl\/wp-json\/wp\/v2\/pages\/2062\/revisions\/2269"}],"wp:attachment":[{"href":"https:\/\/rheinland-enterprises.de\/pl\/wp-json\/wp\/v2\/media?parent=2062"}],"curies":[{"name":"wp","href":"https:\/\/api.w.org\/{rel}","templated":true}]}}