{"id":1881,"date":"2018-07-20T17:52:49","date_gmt":"2018-07-20T16:52:49","guid":{"rendered":"https:\/\/rheinland-enterprises.de\/rozwoj-projektu\/"},"modified":"2023-01-22T21:24:37","modified_gmt":"2023-01-22T20:24:37","slug":"rozwoj-projektu","status":"publish","type":"page","link":"https:\/\/rheinland-enterprises.de\/pl\/rozwoj-projektu\/","title":{"rendered":"Rozw\u00f3j projektu"},"content":{"rendered":"<div id=\"cs-content\" class=\"cs-content\"><\/div>\n","protected":false},"excerpt":{"rendered":"<p>Rozw\u00f3j projektu Wspieramy Ci\u0119 sprawnym zespo\u0142em w rozwoju Twojego pomys\u0142u na biznes.Masz pomys\u0142, kt&oacute;ry powinien sta\u0107 si\u0119 projektem &ndash; niezale\u017cnie od tego, czy d\u0105\u017cysz do sukcesu ekonomicznego dla siebie, czy us\u0142ug na cele charytatywne Stworzyli\u015bmy dla Ciebie odpowiedni zesp&oacute;\u0142 projektowy spo\u015br&oacute;d naszych partner&oacute;w w obszarach rozwoju korporacyjnego, dzia\u0142alno\u015bci charytatywnej, prawa, podatk&oacute;w, spraw mi\u0119dzynarodowych.Gr\u00fcnderweisheitenWillst du wissen, wer du warst, so schau, &#8230; <\/p>\n<div><a href=\"https:\/\/rheinland-enterprises.de\/pl\/rozwoj-projektu\/\" class=\"more-link\">Read More<\/a><\/div>\n","protected":false},"author":1,"featured_media":0,"parent":0,"menu_order":0,"comment_status":"closed","ping_status":"closed","template":"template-blank-4.php","meta":{"footnotes":""},"class_list":["post-1881","page","type-page","status-publish","hentry","no-post-thumbnail"],"aioseo_notices":[],"_links":{"self":[{"href":"https:\/\/rheinland-enterprises.de\/pl\/wp-json\/wp\/v2\/pages\/1881","targetHints":{"allow":["GET"]}}],"collection":[{"href":"https:\/\/rheinland-enterprises.de\/pl\/wp-json\/wp\/v2\/pages"}],"about":[{"href":"https:\/\/rheinland-enterprises.de\/pl\/wp-json\/wp\/v2\/types\/page"}],"author":[{"embeddable":true,"href":"https:\/\/rheinland-enterprises.de\/pl\/wp-json\/wp\/v2\/users\/1"}],"replies":[{"embeddable":true,"href":"https:\/\/rheinland-enterprises.de\/pl\/wp-json\/wp\/v2\/comments?post=1881"}],"version-history":[{"count":2,"href":"https:\/\/rheinland-enterprises.de\/pl\/wp-json\/wp\/v2\/pages\/1881\/revisions"}],"predecessor-version":[{"id":2249,"href":"https:\/\/rheinland-enterprises.de\/pl\/wp-json\/wp\/v2\/pages\/1881\/revisions\/2249"}],"wp:attachment":[{"href":"https:\/\/rheinland-enterprises.de\/pl\/wp-json\/wp\/v2\/media?parent=1881"}],"curies":[{"name":"wp","href":"https:\/\/api.w.org\/{rel}","templated":true}]}}