{"id":1849,"date":"2018-07-20T18:15:16","date_gmt":"2018-07-20T17:15:16","guid":{"rendered":"https:\/\/rheinland-enterprises.de\/konsultacja\/"},"modified":"2025-11-15T14:13:25","modified_gmt":"2025-11-15T13:13:25","slug":"konsultacja","status":"publish","type":"page","link":"https:\/\/rheinland-enterprises.de\/pl\/konsultacja\/","title":{"rendered":"Konsultacja"},"content":{"rendered":"<div id=\"cs-content\" class=\"cs-content\"><\/div>\n","protected":false},"excerpt":{"rendered":"<p>Konsultacja Jakie s\u0105 Twoje pomys\u0142y, cele, mocne strony, gdzie przydatne jest wsparcie? Omawiamy te pytania z Tob\u0105 jako konsultantem ds. strategii.Dla mnie dobra rada, kt\u00f3ra naprawd\u0119 prowadzi Ciebie i Twoje obawy dalej, wymaga podstawy prawnej, starannego wyja\u015bnienia Twoich zainteresowa\u0144 poprzez s\u0142uchanie i zadawanie pyta\u0144 oraz wsp\u00f3lne opracowywanie realnych koncepcji.Moje wykszta\u0142cenie jako w pe\u0142ni wykwalifikowanego prawnika, studia podyplomowe w zakresie nauk &#8230; <\/p>\n<div><a href=\"https:\/\/rheinland-enterprises.de\/pl\/konsultacja\/\" class=\"more-link\">Read More<\/a><\/div>\n","protected":false},"author":1,"featured_media":0,"parent":0,"menu_order":0,"comment_status":"closed","ping_status":"closed","template":"template-blank-4.php","meta":{"footnotes":""},"class_list":["post-1849","page","type-page","status-publish","hentry","no-post-thumbnail"],"aioseo_notices":[],"_links":{"self":[{"href":"https:\/\/rheinland-enterprises.de\/pl\/wp-json\/wp\/v2\/pages\/1849","targetHints":{"allow":["GET"]}}],"collection":[{"href":"https:\/\/rheinland-enterprises.de\/pl\/wp-json\/wp\/v2\/pages"}],"about":[{"href":"https:\/\/rheinland-enterprises.de\/pl\/wp-json\/wp\/v2\/types\/page"}],"author":[{"embeddable":true,"href":"https:\/\/rheinland-enterprises.de\/pl\/wp-json\/wp\/v2\/users\/1"}],"replies":[{"embeddable":true,"href":"https:\/\/rheinland-enterprises.de\/pl\/wp-json\/wp\/v2\/comments?post=1849"}],"version-history":[{"count":8,"href":"https:\/\/rheinland-enterprises.de\/pl\/wp-json\/wp\/v2\/pages\/1849\/revisions"}],"predecessor-version":[{"id":2414,"href":"https:\/\/rheinland-enterprises.de\/pl\/wp-json\/wp\/v2\/pages\/1849\/revisions\/2414"}],"wp:attachment":[{"href":"https:\/\/rheinland-enterprises.de\/pl\/wp-json\/wp\/v2\/media?parent=1849"}],"curies":[{"name":"wp","href":"https:\/\/api.w.org\/{rel}","templated":true}]}}