{"id":1816,"date":"2018-07-20T18:24:20","date_gmt":"2018-07-20T17:24:20","guid":{"rendered":"https:\/\/rheinland-enterprises.de\/inwestycje\/"},"modified":"2023-02-07T18:28:42","modified_gmt":"2023-02-07T17:28:42","slug":"inwestycje","status":"publish","type":"page","link":"https:\/\/rheinland-enterprises.de\/pl\/inwestycje\/","title":{"rendered":"Inwestycje"},"content":{"rendered":"<div id=\"cs-content\" class=\"cs-content\"><\/div>\n","protected":false},"excerpt":{"rendered":"<p>Inwestycje \u0141\u0105czymy projekt i inwestora w innowacyjne technologie i nieruchomo\u015bci. Chcesz zainwestowa\u0107 lub szukasz inwestora do swojego projektu?&nbsp;Wspieramy Pa\u0144stwa w poszukiwaniu odpowiednich partner&oacute;w biznesowych i zapewniamy wsparcie prawne oraz wsp&oacute;lnie z naszymi partnerami prawnymi ochron\u0119 kontraktow\u0105 inwestycji.Bitte informieren Sie sich &uuml;ber Investitionen,&nbsp;die wir empfehlen und bei deren Umsetzung wir Sie gerne begleiten, auf unserer Seite:ZUKUNFTSINNOVATIONENEines ist so wichtig wie\u00b4s andere: &#8230; <\/p>\n<div><a href=\"https:\/\/rheinland-enterprises.de\/pl\/inwestycje\/\" class=\"more-link\">Read More<\/a><\/div>\n","protected":false},"author":1,"featured_media":0,"parent":0,"menu_order":0,"comment_status":"closed","ping_status":"closed","template":"template-blank-4.php","meta":{"footnotes":""},"class_list":["post-1816","page","type-page","status-publish","hentry","no-post-thumbnail"],"aioseo_notices":[],"_links":{"self":[{"href":"https:\/\/rheinland-enterprises.de\/pl\/wp-json\/wp\/v2\/pages\/1816","targetHints":{"allow":["GET"]}}],"collection":[{"href":"https:\/\/rheinland-enterprises.de\/pl\/wp-json\/wp\/v2\/pages"}],"about":[{"href":"https:\/\/rheinland-enterprises.de\/pl\/wp-json\/wp\/v2\/types\/page"}],"author":[{"embeddable":true,"href":"https:\/\/rheinland-enterprises.de\/pl\/wp-json\/wp\/v2\/users\/1"}],"replies":[{"embeddable":true,"href":"https:\/\/rheinland-enterprises.de\/pl\/wp-json\/wp\/v2\/comments?post=1816"}],"version-history":[{"count":5,"href":"https:\/\/rheinland-enterprises.de\/pl\/wp-json\/wp\/v2\/pages\/1816\/revisions"}],"predecessor-version":[{"id":2314,"href":"https:\/\/rheinland-enterprises.de\/pl\/wp-json\/wp\/v2\/pages\/1816\/revisions\/2314"}],"wp:attachment":[{"href":"https:\/\/rheinland-enterprises.de\/pl\/wp-json\/wp\/v2\/media?parent=1816"}],"curies":[{"name":"wp","href":"https:\/\/api.w.org\/{rel}","templated":true}]}}